{"id":22915,"date":"2024-04-19T11:26:45","date_gmt":"2024-04-19T09:26:45","guid":{"rendered":"https:\/\/homeinspain.pl\/blog\/"},"modified":"2026-02-10T18:50:13","modified_gmt":"2026-02-10T17:50:13","slug":"blog","status":"publish","type":"page","link":"https:\/\/homeinspain.pl\/en\/blog\/","title":{"rendered":"Blog"},"content":{"rendered":"\t\t<div data-elementor-type=\"wp-page\" data-elementor-id=\"22915\" class=\"elementor elementor-22915 elementor-16140\">\n\t\t\t\t\t\t<section class=\"elementor-section elementor-top-section elementor-element elementor-element-5cbacaf3 elementor-section-stretched elementor-section-content-middle elementor-section-boxed elementor-section-height-default elementor-section-height-default\" data-id=\"5cbacaf3\" data-element_type=\"section\" data-settings=\"{&quot;stretch_section&quot;:&quot;section-stretched&quot;,&quot;background_background&quot;:&quot;classic&quot;}\">\n\t\t\t\t\t\t<div class=\"elementor-container elementor-column-gap-default\">\n\t\t\t\t\t<div class=\"elementor-column elementor-col-100 elementor-top-column elementor-element elementor-element-0a85aef\" data-id=\"0a85aef\" data-element_type=\"column\">\n\t\t\t<div class=\"elementor-widget-wrap elementor-element-populated\">\n\t\t\t\t\t\t<section class=\"elementor-section elementor-inner-section elementor-element elementor-element-2ded59a elementor-section-boxed elementor-section-height-default elementor-section-height-default\" data-id=\"2ded59a\" data-element_type=\"section\">\n\t\t\t\t\t\t<div class=\"elementor-container elementor-column-gap-default\">\n\t\t\t\t\t<div class=\"elementor-column elementor-col-33 elementor-inner-column elementor-element elementor-element-e542158\" data-id=\"e542158\" data-element_type=\"column\">\n\t\t\t<div class=\"elementor-widget-wrap\">\n\t\t\t\t\t\t\t<\/div>\n\t\t<\/div>\n\t\t\t\t<div class=\"elementor-column elementor-col-33 elementor-inner-column elementor-element elementor-element-e133d85\" data-id=\"e133d85\" data-element_type=\"column\">\n\t\t\t<div class=\"elementor-widget-wrap elementor-element-populated\">\n\t\t\t\t\t\t<div class=\"elementor-element elementor-element-2b5c3f40 elementor-widget elementor-widget-heading\" data-id=\"2b5c3f40\" data-element_type=\"widget\" data-widget_type=\"heading.default\">\n\t\t\t\t<div class=\"elementor-widget-container\">\n\t\t\t\t\t<h2 class=\"elementor-heading-title elementor-size-default\">BLOG<\/h2>\t\t\t\t<\/div>\n\t\t\t\t<\/div>\n\t\t\t\t<div class=\"elementor-element elementor-element-3da841e elementor-widget-divider--view-line_icon elementor-view-framed elementor-widget-divider--element-align-center elementor-widget elementor-widget-divider\" data-id=\"3da841e\" data-element_type=\"widget\" data-widget_type=\"divider.default\">\n\t\t\t\t<div class=\"elementor-widget-container\">\n\t\t\t\t\t\t\t<div class=\"elementor-divider\">\n\t\t\t<div class=\"elementor-divider-separator\">\n\t\t\t\t\t\t\t<div class=\"elementor-icon elementor-divider__element\">\n\t\t\t\t\t<svg aria-hidden=\"true\" class=\"e-font-icon-svg e-fas-square\" viewBox=\"0 0 448 512\" xmlns=\"http:\/\/www.w3.org\/2000\/svg\"><path d=\"M400 32H48C21.5 32 0 53.5 0 80v352c0 26.5 21.5 48 48 48h352c26.5 0 48-21.5 48-48V80c0-26.5-21.5-48-48-48z\"><\/path><\/svg><\/div>\n\t\t\t\t\t\t<\/div>\n\t\t<\/div>\n\t\t\t\t\t\t<\/div>\n\t\t\t\t<\/div>\n\t\t\t\t\t<\/div>\n\t\t<\/div>\n\t\t\t\t<div class=\"elementor-column elementor-col-33 elementor-inner-column elementor-element elementor-element-da389f9\" data-id=\"da389f9\" data-element_type=\"column\">\n\t\t\t<div class=\"elementor-widget-wrap\">\n\t\t\t\t\t\t\t<\/div>\n\t\t<\/div>\n\t\t\t\t\t<\/div>\n\t\t<\/section>\n\t\t\t\t<section class=\"elementor-section elementor-inner-section elementor-element elementor-element-66927d1 elementor-section-boxed elementor-section-height-default elementor-section-height-default\" data-id=\"66927d1\" data-element_type=\"section\">\n\t\t\t\t\t\t<div class=\"elementor-container elementor-column-gap-default\">\n\t\t\t\t\t<div class=\"elementor-column elementor-col-100 elementor-inner-column elementor-element elementor-element-1200cec\" data-id=\"1200cec\" data-element_type=\"column\">\n\t\t\t<div class=\"elementor-widget-wrap elementor-element-populated\">\n\t\t\t\t\t\t<div class=\"elementor-element elementor-element-8549435 elementor-grid-3 elementor-grid-tablet-2 elementor-grid-mobile-1 elementor-widget elementor-widget-luxus-blog-grid\" data-id=\"8549435\" data-element_type=\"widget\" data-settings=\"{&quot;columns&quot;:&quot;3&quot;,&quot;columns_tablet&quot;:&quot;2&quot;,&quot;columns_mobile&quot;:&quot;1&quot;}\" data-widget_type=\"luxus-blog-grid.default\">\n\t\t\t\t<div class=\"elementor-widget-container\">\n\t\t\t\t\t\t\t<div class=\"sl-grid-container elementor-grid sl-grid-desktop-3 sl-grid-tablet-2 sl-grid-mobile-1\">\n\n\t\t\n    <div class=\"blog-item blog-one\">\n\t\t\t\t<div class=\"image\">\n\t\t\t<a href=\"https:\/\/homeinspain.pl\/en\/rojales-and-ciudad-quesada-the-perfect-place-to-live-and-buy-property-on-the-costa-blanca\/\" class=\"view-detail\"><i class=\"sl-icon sl-next-arrow\"><\/i><\/a>\n\t\t\t<div class=\"tags\">\n\t\t\t\t<a href=\"https:\/\/homeinspain.pl\/en\/category\/lifestyle\/\">Lifestyle<\/a>\t\t\t<\/div>\n\t\t\t<a href=\"https:\/\/homeinspain.pl\/en\/rojales-and-ciudad-quesada-the-perfect-place-to-live-and-buy-property-on-the-costa-blanca\/\" class=\"post-link\"><img fetchpriority=\"high\" decoding=\"async\" width=\"640\" height=\"427\" src=\"https:\/\/homeinspain.pl\/wp-content\/uploads\/2026\/01\/WhatsApp-Image-2026-01-27-at-16.27.50-640x427.jpeg\" class=\"img wp-post-image\" alt=\"\" srcset=\"https:\/\/homeinspain.pl\/wp-content\/uploads\/2026\/01\/WhatsApp-Image-2026-01-27-at-16.27.50-640x427.jpeg 640w, https:\/\/homeinspain.pl\/wp-content\/uploads\/2026\/01\/WhatsApp-Image-2026-01-27-at-16.27.50-300x200.jpeg 300w, https:\/\/homeinspain.pl\/wp-content\/uploads\/2026\/01\/WhatsApp-Image-2026-01-27-at-16.27.50-1024x683.jpeg 1024w, https:\/\/homeinspain.pl\/wp-content\/uploads\/2026\/01\/WhatsApp-Image-2026-01-27-at-16.27.50-768x512.jpeg 768w, https:\/\/homeinspain.pl\/wp-content\/uploads\/2026\/01\/WhatsApp-Image-2026-01-27-at-16.27.50-1280x854.jpeg 1280w, https:\/\/homeinspain.pl\/wp-content\/uploads\/2026\/01\/WhatsApp-Image-2026-01-27-at-16.27.50.jpeg 1536w\" sizes=\"(max-width: 640px) 100vw, 640px\" \/><\/a>\n\t\t\t<div class=\"meta\">\n\t\t\t\t<p class=\"date\">\n\t\t\t\t\t<i class=\"sl-icon sl-calendar\"><\/i>\n\t\t\t\t\t<a href=\"https:\/\/homeinspain.pl\/en\/2026\/02\/01\/\">\n\t\t\t\t\t\t2026-02-01\t\t\t\t\t<\/a>\n\t\t\t\t<\/p>\n\t\t\t<\/div>\n\t\t<\/div>\n\t\t\t\t\n\t\t<div class=\"content\">\n\t\t\t<a href=\"https:\/\/homeinspain.pl\/en\/rojales-and-ciudad-quesada-the-perfect-place-to-live-and-buy-property-on-the-costa-blanca\/\" rel=\"bookmark\"><h2 class=\"title\">Rojales and Ciudad Quesada &#8211; the perfect place to live and buy property on the Costa Blanca<\/h2><\/a>\n\t\t\t<p class=\"excerpt\">\n\t\t\t\tWhy do Rojales and Ciudad Quesada attract expats? Rojales and its Ciudad Quesada neighborhood ...\t\t\t<\/p>\n\t\t\t<a href=\"https:\/\/homeinspain.pl\/en\/rojales-and-ciudad-quesada-the-perfect-place-to-live-and-buy-property-on-the-costa-blanca\/\" class=\"more\">Read more<\/a>\n\t\t<\/div>\n    <\/div>\n\n    \n    <div class=\"blog-item blog-one\">\n\t\t\t\t<div class=\"image\">\n\t\t\t<a href=\"https:\/\/homeinspain.pl\/en\/costa-blancas-primary-real-estate-market-prices-in-2025-and-forecasts-for-2026\/\" class=\"view-detail\"><i class=\"sl-icon sl-next-arrow\"><\/i><\/a>\n\t\t\t<div class=\"tags\">\n\t\t\t\t<a href=\"https:\/\/homeinspain.pl\/en\/category\/uncategorized\/\">Uncategorized<\/a>\t\t\t<\/div>\n\t\t\t<a href=\"https:\/\/homeinspain.pl\/en\/costa-blancas-primary-real-estate-market-prices-in-2025-and-forecasts-for-2026\/\" class=\"post-link\"><img decoding=\"async\" width=\"640\" height=\"427\" src=\"https:\/\/homeinspain.pl\/wp-content\/uploads\/2026\/01\/WhatsApp-Image-2026-01-21-at-14.42.41-640x427.jpeg\" class=\"img wp-post-image\" alt=\"\" srcset=\"https:\/\/homeinspain.pl\/wp-content\/uploads\/2026\/01\/WhatsApp-Image-2026-01-21-at-14.42.41-640x427.jpeg 640w, https:\/\/homeinspain.pl\/wp-content\/uploads\/2026\/01\/WhatsApp-Image-2026-01-21-at-14.42.41-300x200.jpeg 300w, https:\/\/homeinspain.pl\/wp-content\/uploads\/2026\/01\/WhatsApp-Image-2026-01-21-at-14.42.41-1024x683.jpeg 1024w, https:\/\/homeinspain.pl\/wp-content\/uploads\/2026\/01\/WhatsApp-Image-2026-01-21-at-14.42.41-768x512.jpeg 768w, https:\/\/homeinspain.pl\/wp-content\/uploads\/2026\/01\/WhatsApp-Image-2026-01-21-at-14.42.41-1280x854.jpeg 1280w, https:\/\/homeinspain.pl\/wp-content\/uploads\/2026\/01\/WhatsApp-Image-2026-01-21-at-14.42.41.jpeg 1536w\" sizes=\"(max-width: 640px) 100vw, 640px\" \/><\/a>\n\t\t\t<div class=\"meta\">\n\t\t\t\t<p class=\"date\">\n\t\t\t\t\t<i class=\"sl-icon sl-calendar\"><\/i>\n\t\t\t\t\t<a href=\"https:\/\/homeinspain.pl\/en\/2026\/01\/30\/\">\n\t\t\t\t\t\t2026-01-30\t\t\t\t\t<\/a>\n\t\t\t\t<\/p>\n\t\t\t<\/div>\n\t\t<\/div>\n\t\t\t\t\n\t\t<div class=\"content\">\n\t\t\t<a href=\"https:\/\/homeinspain.pl\/en\/costa-blancas-primary-real-estate-market-prices-in-2025-and-forecasts-for-2026\/\" rel=\"bookmark\"><h2 class=\"title\">Costa Blanca&#8217;s primary real estate market &#8211; prices in 2025 and forecasts for 2026.<\/h2><\/a>\n\t\t\t<p class=\"excerpt\">\n\t\t\t\tThe primary real estate market on the Costa Blanca (Alicante province, Spain) is one ...\t\t\t<\/p>\n\t\t\t<a href=\"https:\/\/homeinspain.pl\/en\/costa-blancas-primary-real-estate-market-prices-in-2025-and-forecasts-for-2026\/\" class=\"more\">Read more<\/a>\n\t\t<\/div>\n    <\/div>\n\n    \n    <div class=\"blog-item blog-one\">\n\t\t\t\t<div class=\"image\">\n\t\t\t<a href=\"https:\/\/homeinspain.pl\/en\/cost-of-living-on-the-costa-blanca-more-expensive-than-in-poland\/\" class=\"view-detail\"><i class=\"sl-icon sl-next-arrow\"><\/i><\/a>\n\t\t\t<div class=\"tags\">\n\t\t\t\t<a href=\"https:\/\/homeinspain.pl\/en\/category\/tips\/\">Tips<\/a>\t\t\t<\/div>\n\t\t\t<a href=\"https:\/\/homeinspain.pl\/en\/cost-of-living-on-the-costa-blanca-more-expensive-than-in-poland\/\" class=\"post-link\"><img decoding=\"async\" width=\"640\" height=\"427\" src=\"https:\/\/homeinspain.pl\/wp-content\/uploads\/2026\/01\/WhatsApp-Image-2026-01-27-at-14.02.38-640x427.jpeg\" class=\"img wp-post-image\" alt=\"\" srcset=\"https:\/\/homeinspain.pl\/wp-content\/uploads\/2026\/01\/WhatsApp-Image-2026-01-27-at-14.02.38-640x427.jpeg 640w, https:\/\/homeinspain.pl\/wp-content\/uploads\/2026\/01\/WhatsApp-Image-2026-01-27-at-14.02.38-300x200.jpeg 300w, https:\/\/homeinspain.pl\/wp-content\/uploads\/2026\/01\/WhatsApp-Image-2026-01-27-at-14.02.38-1024x683.jpeg 1024w, https:\/\/homeinspain.pl\/wp-content\/uploads\/2026\/01\/WhatsApp-Image-2026-01-27-at-14.02.38-768x512.jpeg 768w, https:\/\/homeinspain.pl\/wp-content\/uploads\/2026\/01\/WhatsApp-Image-2026-01-27-at-14.02.38-1280x854.jpeg 1280w, https:\/\/homeinspain.pl\/wp-content\/uploads\/2026\/01\/WhatsApp-Image-2026-01-27-at-14.02.38.jpeg 1536w\" sizes=\"(max-width: 640px) 100vw, 640px\" \/><\/a>\n\t\t\t<div class=\"meta\">\n\t\t\t\t<p class=\"date\">\n\t\t\t\t\t<i class=\"sl-icon sl-calendar\"><\/i>\n\t\t\t\t\t<a href=\"https:\/\/homeinspain.pl\/en\/2026\/01\/27\/\">\n\t\t\t\t\t\t2026-01-27\t\t\t\t\t<\/a>\n\t\t\t\t<\/p>\n\t\t\t<\/div>\n\t\t<\/div>\n\t\t\t\t\n\t\t<div class=\"content\">\n\t\t\t<a href=\"https:\/\/homeinspain.pl\/en\/cost-of-living-on-the-costa-blanca-more-expensive-than-in-poland\/\" rel=\"bookmark\"><h2 class=\"title\">Cost of living on the Costa Blanca &#8211; more expensive than in Poland?<\/h2><\/a>\n\t\t\t<p class=\"excerpt\">\n\t\t\t\tIs it more expensive to live in Spain than in Poland? The Costa Blanca ...\t\t\t<\/p>\n\t\t\t<a href=\"https:\/\/homeinspain.pl\/en\/cost-of-living-on-the-costa-blanca-more-expensive-than-in-poland\/\" class=\"more\">Read more<\/a>\n\t\t<\/div>\n    <\/div>\n\n    \n\t \t<\/div>\n\n\t\t\t\t\t<\/div>\n\t\t\t\t<\/div>\n\t\t\t\t<div class=\"elementor-element elementor-element-87715fe elementor-grid-2 elementor-grid-tablet-2 elementor-grid-mobile-1 elementor-widget elementor-widget-luxus-blog-grid\" data-id=\"87715fe\" data-element_type=\"widget\" data-settings=\"{&quot;columns&quot;:&quot;2&quot;,&quot;columns_tablet&quot;:&quot;2&quot;,&quot;columns_mobile&quot;:&quot;1&quot;}\" data-widget_type=\"luxus-blog-grid.default\">\n\t\t\t\t<div class=\"elementor-widget-container\">\n\t\t\t\t\t\t\t<div class=\"sl-grid-container elementor-grid sl-grid-desktop-2 sl-grid-tablet-2 sl-grid-mobile-1\">\n\n\t\t\n\t \t<\/div>\n\n\t\t\t\t\t<\/div>\n\t\t\t\t<\/div>\n\t\t\t\t\t<\/div>\n\t\t<\/div>\n\t\t\t\t\t<\/div>\n\t\t<\/section>\n\t\t\t\t\t<\/div>\n\t\t<\/div>\n\t\t\t\t\t<\/div>\n\t\t<\/section>\n\t\t\t\t<\/div>\n\t\t","protected":false},"excerpt":{"rendered":"<p>BLOG Lifestyle 2026-02-01 Rojales i Ciudad Quesada \u2013 idealne miejsce do \u017cycia i zakupu nieruchomo\u015bci na Costa Blanca Dlaczego Rojales i Ciudad Quesada przyci\u0105gaj\u0105 expat\u00f3w? Rojales i jego dzielnica Ciudad Quesada to &#8230; Read more Bez kategorii 2026-01-30 Rynek pierwotny nieruchomo\u015bci na Costa Blanca \u2013 ceny w 2025 r. i prognozy na 2026 r. Rynek [&hellip;]<\/p>\n","protected":false},"author":3,"featured_media":0,"parent":0,"menu_order":0,"comment_status":"closed","ping_status":"closed","template":"","meta":{"_acf_changed":false,"footnotes":""},"class_list":["post-22915","page","type-page","status-publish","hentry"],"acf":[],"yoast_head":"<!-- This site is optimized with the Yoast SEO plugin v26.8 - https:\/\/yoast.com\/product\/yoast-seo-wordpress\/ -->\n<title>Blog - Home in Spain<\/title>\n<meta name=\"description\" content=\"Home in Spain \u27a4 Blog \u2714\ufe0f Polish real estate agency in Spain \u2714\ufe0f Comprehensive assistance from purchase to formalities \u2b50 View offers!\" \/>\n<meta name=\"robots\" content=\"index, follow, max-snippet:-1, max-image-preview:large, max-video-preview:-1\" \/>\n<link rel=\"canonical\" href=\"https:\/\/homeinspain.pl\/en\/blog\/\" \/>\n<meta property=\"og:locale\" content=\"en_US\" \/>\n<meta property=\"og:type\" content=\"article\" \/>\n<meta property=\"og:title\" content=\"Blog - Home in Spain\" \/>\n<meta property=\"og:description\" content=\"Home in Spain \u27a4 Blog \u2714\ufe0f Polish real estate agency in Spain \u2714\ufe0f Comprehensive assistance from purchase to formalities \u2b50 View offers!\" \/>\n<meta property=\"og:url\" content=\"https:\/\/homeinspain.pl\/en\/blog\/\" \/>\n<meta property=\"og:site_name\" content=\"Home in Spain - Costa Blanca Real Estate | Houses and Apartments for Sale\" \/>\n<meta property=\"article:publisher\" content=\"https:\/\/facebook.com\/nieruchomoscinacostablanca\" \/>\n<meta property=\"article:modified_time\" content=\"2026-02-10T17:50:13+00:00\" \/>\n<meta property=\"og:image\" content=\"https:\/\/homeinspain.pl\/wp-content\/uploads\/2026\/01\/WhatsApp-Image-2026-01-27-at-16.27.50-640x427.jpeg\" \/>\n<meta name=\"twitter:card\" content=\"summary_large_image\" \/>\n<meta name=\"twitter:label1\" content=\"Est. reading time\" \/>\n\t<meta name=\"twitter:data1\" content=\"1 minute\" \/>\n<script type=\"application\/ld+json\" class=\"yoast-schema-graph\">{\"@context\":\"https:\/\/schema.org\",\"@graph\":[{\"@type\":\"WebPage\",\"@id\":\"https:\/\/homeinspain.pl\/en\/blog\/\",\"url\":\"https:\/\/homeinspain.pl\/en\/blog\/\",\"name\":\"Blog - Home in Spain\",\"isPartOf\":{\"@id\":\"https:\/\/homeinspain.pl\/#website\"},\"primaryImageOfPage\":{\"@id\":\"https:\/\/homeinspain.pl\/en\/blog\/#primaryimage\"},\"image\":{\"@id\":\"https:\/\/homeinspain.pl\/en\/blog\/#primaryimage\"},\"thumbnailUrl\":\"https:\/\/homeinspain.pl\/wp-content\/uploads\/2026\/01\/WhatsApp-Image-2026-01-27-at-16.27.50-640x427.jpeg\",\"datePublished\":\"2024-04-19T09:26:45+00:00\",\"dateModified\":\"2026-02-10T17:50:13+00:00\",\"description\":\"Home in Spain \u27a4 Blog \u2714\ufe0f Polish real estate agency in Spain \u2714\ufe0f Comprehensive assistance from purchase to formalities \u2b50 View offers!\",\"breadcrumb\":{\"@id\":\"https:\/\/homeinspain.pl\/en\/blog\/#breadcrumb\"},\"inLanguage\":\"en-US\",\"potentialAction\":[{\"@type\":\"ReadAction\",\"target\":[\"https:\/\/homeinspain.pl\/en\/blog\/\"]}]},{\"@type\":\"ImageObject\",\"inLanguage\":\"en-US\",\"@id\":\"https:\/\/homeinspain.pl\/en\/blog\/#primaryimage\",\"url\":\"https:\/\/homeinspain.pl\/wp-content\/uploads\/2026\/01\/WhatsApp-Image-2026-01-27-at-16.27.50-640x427.jpeg\",\"contentUrl\":\"https:\/\/homeinspain.pl\/wp-content\/uploads\/2026\/01\/WhatsApp-Image-2026-01-27-at-16.27.50-640x427.jpeg\"},{\"@type\":\"BreadcrumbList\",\"@id\":\"https:\/\/homeinspain.pl\/en\/blog\/#breadcrumb\",\"itemListElement\":[{\"@type\":\"ListItem\",\"position\":1,\"name\":\"Home\",\"item\":\"https:\/\/homeinspain.pl\/en\/home-2\/\"},{\"@type\":\"ListItem\",\"position\":2,\"name\":\"Blog\"}]},{\"@type\":\"WebSite\",\"@id\":\"https:\/\/homeinspain.pl\/#website\",\"url\":\"https:\/\/homeinspain.pl\/\",\"name\":\"Home in Spain - Nieruchomo\u015bci Costa Blanca | Domy i Apartamenty na Sprzeda\u017c.\",\"description\":\"Houses and apartments on Costa Blanca. Home in Spain - Your partner in purchasing real estate in Spain.\",\"publisher\":{\"@id\":\"https:\/\/homeinspain.pl\/#organization\"},\"potentialAction\":[{\"@type\":\"SearchAction\",\"target\":{\"@type\":\"EntryPoint\",\"urlTemplate\":\"https:\/\/homeinspain.pl\/?s={search_term_string}\"},\"query-input\":{\"@type\":\"PropertyValueSpecification\",\"valueRequired\":true,\"valueName\":\"search_term_string\"}}],\"inLanguage\":\"en-US\"}]}<\/script>\n<!-- \/ Yoast SEO plugin. -->","yoast_head_json":{"title":"Blog - Home in Spain","description":"Home in Spain \u27a4 Blog \u2714\ufe0f Polish real estate agency in Spain \u2714\ufe0f Comprehensive assistance from purchase to formalities \u2b50 View offers!","robots":{"index":"index","follow":"follow","max-snippet":"max-snippet:-1","max-image-preview":"max-image-preview:large","max-video-preview":"max-video-preview:-1"},"canonical":"https:\/\/homeinspain.pl\/en\/blog\/","og_locale":"en_US","og_type":"article","og_title":"Blog - Home in Spain","og_description":"Home in Spain \u27a4 Blog \u2714\ufe0f Polish real estate agency in Spain \u2714\ufe0f Comprehensive assistance from purchase to formalities \u2b50 View offers!","og_url":"https:\/\/homeinspain.pl\/en\/blog\/","og_site_name":"Home in Spain - Costa Blanca Real Estate | Houses and Apartments for Sale","article_publisher":"https:\/\/facebook.com\/nieruchomoscinacostablanca","article_modified_time":"2026-02-10T17:50:13+00:00","og_image":[{"url":"https:\/\/homeinspain.pl\/wp-content\/uploads\/2026\/01\/WhatsApp-Image-2026-01-27-at-16.27.50-640x427.jpeg","type":"","width":"","height":""}],"twitter_card":"summary_large_image","twitter_misc":{"Est. reading time":"1 minute"},"schema":{"@context":"https:\/\/schema.org","@graph":[{"@type":"WebPage","@id":"https:\/\/homeinspain.pl\/en\/blog\/","url":"https:\/\/homeinspain.pl\/en\/blog\/","name":"Blog - Home in Spain","isPartOf":{"@id":"https:\/\/homeinspain.pl\/#website"},"primaryImageOfPage":{"@id":"https:\/\/homeinspain.pl\/en\/blog\/#primaryimage"},"image":{"@id":"https:\/\/homeinspain.pl\/en\/blog\/#primaryimage"},"thumbnailUrl":"https:\/\/homeinspain.pl\/wp-content\/uploads\/2026\/01\/WhatsApp-Image-2026-01-27-at-16.27.50-640x427.jpeg","datePublished":"2024-04-19T09:26:45+00:00","dateModified":"2026-02-10T17:50:13+00:00","description":"Home in Spain \u27a4 Blog \u2714\ufe0f Polish real estate agency in Spain \u2714\ufe0f Comprehensive assistance from purchase to formalities \u2b50 View offers!","breadcrumb":{"@id":"https:\/\/homeinspain.pl\/en\/blog\/#breadcrumb"},"inLanguage":"en-US","potentialAction":[{"@type":"ReadAction","target":["https:\/\/homeinspain.pl\/en\/blog\/"]}]},{"@type":"ImageObject","inLanguage":"en-US","@id":"https:\/\/homeinspain.pl\/en\/blog\/#primaryimage","url":"https:\/\/homeinspain.pl\/wp-content\/uploads\/2026\/01\/WhatsApp-Image-2026-01-27-at-16.27.50-640x427.jpeg","contentUrl":"https:\/\/homeinspain.pl\/wp-content\/uploads\/2026\/01\/WhatsApp-Image-2026-01-27-at-16.27.50-640x427.jpeg"},{"@type":"BreadcrumbList","@id":"https:\/\/homeinspain.pl\/en\/blog\/#breadcrumb","itemListElement":[{"@type":"ListItem","position":1,"name":"Home","item":"https:\/\/homeinspain.pl\/en\/home-2\/"},{"@type":"ListItem","position":2,"name":"Blog"}]},{"@type":"WebSite","@id":"https:\/\/homeinspain.pl\/#website","url":"https:\/\/homeinspain.pl\/","name":"Home in Spain - Nieruchomo\u015bci Costa Blanca | Domy i Apartamenty na Sprzeda\u017c.","description":"Houses and apartments on Costa Blanca. Home in Spain - Your partner in purchasing real estate in Spain.","publisher":{"@id":"https:\/\/homeinspain.pl\/#organization"},"potentialAction":[{"@type":"SearchAction","target":{"@type":"EntryPoint","urlTemplate":"https:\/\/homeinspain.pl\/?s={search_term_string}"},"query-input":{"@type":"PropertyValueSpecification","valueRequired":true,"valueName":"search_term_string"}}],"inLanguage":"en-US"}]}},"_links":{"self":[{"href":"https:\/\/homeinspain.pl\/en\/wp-json\/wp\/v2\/pages\/22915","targetHints":{"allow":["GET"]}}],"collection":[{"href":"https:\/\/homeinspain.pl\/en\/wp-json\/wp\/v2\/pages"}],"about":[{"href":"https:\/\/homeinspain.pl\/en\/wp-json\/wp\/v2\/types\/page"}],"author":[{"embeddable":true,"href":"https:\/\/homeinspain.pl\/en\/wp-json\/wp\/v2\/users\/3"}],"replies":[{"embeddable":true,"href":"https:\/\/homeinspain.pl\/en\/wp-json\/wp\/v2\/comments?post=22915"}],"version-history":[{"count":1,"href":"https:\/\/homeinspain.pl\/en\/wp-json\/wp\/v2\/pages\/22915\/revisions"}],"predecessor-version":[{"id":22916,"href":"https:\/\/homeinspain.pl\/en\/wp-json\/wp\/v2\/pages\/22915\/revisions\/22916"}],"wp:attachment":[{"href":"https:\/\/homeinspain.pl\/en\/wp-json\/wp\/v2\/media?parent=22915"}],"curies":[{"name":"wp","href":"https:\/\/api.w.org\/{rel}","templated":true}]}}