{"id":24445,"date":"2025-09-24T14:20:53","date_gmt":"2025-09-24T12:20:53","guid":{"rendered":"https:\/\/homeinspain.pl\/retningslinjer-for-personvern\/"},"modified":"2026-02-16T18:26:16","modified_gmt":"2026-02-16T17:26:16","slug":"retningslinjer-for-personvern","status":"publish","type":"page","link":"https:\/\/homeinspain.pl\/no\/retningslinjer-for-personvern\/","title":{"rendered":"Retningslinjer for personvern"},"content":{"rendered":"\n<h2 class=\"wp-block-heading\">Retningslinjer for personvern<\/h2>\n\n<h3 class=\"wp-block-heading\">1. Generell informasjon<\/h3>\n\n<p>Denne personvernerkl\u00e6ringen fastsetter reglene for behandling av personopplysninger av <strong>Home in Spain<\/strong>, registrert p\u00e5 Wiktoria Wesolowska, med registrert kontor p\u00e5 7 Pico Del Paredon Street, 03170 Rojales, Spania, heretter kalt &laquo;Administrator&raquo;. <\/p>\n\n<p>Kontakt med administratoren er mulig gjennom:<\/p>\n\n<ul class=\"wp-block-list\">\n<li>Nettsted: <a>www.homeinspain.pl<\/a><\/li>\n\n\n\n<li>E-post: <a>biuro@homeinspain.pl,<\/a> <a href=\"mailto:nieruchomoscinacostablanca@gmail.com\">nieruchomoscinacostablanca@gmail.com<\/a><\/li>\n\n\n\n<li>Facebook: <a href=\"https:\/\/www.facebook.com\/nieruchomoscinacostablanca\">facebook.com\/real estateacostablanca<\/a><\/li>\n\n\n\n<li>Instagram: <a href=\"https:\/\/www.instagram.com\/homeinspain.pl\">instagram.com\/homeinspain.co.uk<\/a><\/li>\n<\/ul>\n\n<p>Administratoren gj\u00f8r sitt ytterste for \u00e5 beskytte brukernes personvern og for \u00e5 sikre sikker behandling av personopplysninger i samsvar med gjeldende lovgivning, inkludert RODO (EU-forordning 2016\/679).<\/p>\n\n<hr class=\"wp-block-separator has-alpha-channel-opacity\"\/>\n\n<h3 class=\"wp-block-heading\">2 Omfanget av datainnsamlingen<\/h3>\n\n<p>Den behandlingsansvarlige kan behandle f\u00f8lgende personopplysninger:<\/p>\n\n<ul class=\"wp-block-list\">\n<li>Navn<\/li>\n\n\n\n<li>E-postadresse<\/li>\n\n\n\n<li>Telefonnummer<\/li>\n\n\n\n<li>Bosteds- eller postadresse (hvis aktuelt)<\/li>\n\n\n\n<li>Data om eiendomsforesp\u00f8rsler, kj\u00f8pspreferanser<\/li>\n\n\n\n<li>Teknisk informasjon (IP-adresse, nettleserdata, informasjonskapsler)<\/li>\n<\/ul>\n\n<p>Data samles inn p\u00e5 det aktuelle tidspunktet:<\/p>\n\n<ul class=\"wp-block-list\">\n<li>Send meldinger via kontaktskjemaet p\u00e5 nettstedet<\/li>\n\n\n\n<li>Kontakt via e-post eller sosiale medier<\/li>\n\n\n\n<li>Bruk av nettstedet (informasjonskapsler)<\/li>\n<\/ul>\n\n<hr class=\"wp-block-separator has-alpha-channel-opacity\"\/>\n\n<h3 class=\"wp-block-heading\">3 Form\u00e5lene med databehandlingen<\/h3>\n\n<p>Personopplysninger behandles for f\u00f8lgende form\u00e5l:<\/p>\n\n<ul class=\"wp-block-list\">\n<li>Svar p\u00e5 foresp\u00f8rsler og kundekontakt<\/li>\n\n\n\n<li>Presentasjon av eiendomstilbudet<\/li>\n\n\n\n<li>Levering av eiendomsmeglingstjenester<\/li>\n\n\n\n<li>Direkte markedsf\u00f8ring (basert p\u00e5 samtykke)<\/li>\n\n\n\n<li>F\u00f8ring av statistikk og analyse av nettstedets ytelse<\/li>\n<\/ul>\n\n<hr class=\"wp-block-separator has-alpha-channel-opacity\"\/>\n\n<h3 class=\"wp-block-heading\">4 Rettslig grunnlag for behandling<\/h3>\n\n<p>Opplysningene behandles p\u00e5 grunnlag av:<\/p>\n\n<ul class=\"wp-block-list\">\n<li>RODO artikkel 6 nr. 1 bokstav a &#8211; samtykke fra den registrerte  <\/li>\n\n\n\n<li>Artikkel 6(1)(b) RODO &#8211; n\u00f8dvendighet for oppfyllelse av en kontrakt eller handling f\u00f8r kontraktsinng\u00e5else  <\/li>\n\n\n\n<li>Art. 6(1)(f) RODO &#8211; administratorens legitime interesse (f.eks. markedsf\u00f8ring, statistikk)  <\/li>\n<\/ul>\n\n<hr class=\"wp-block-separator has-alpha-channel-opacity\"\/>\n\n<h3 class=\"wp-block-heading\">5 Mottakere av data<\/h3>\n\n<p>Data kan overf\u00f8res:<\/p>\n\n<ul class=\"wp-block-list\">\n<li>Hosting- og IT-selskapene som driver nettstedet<\/li>\n\n\n\n<li>Leverand\u00f8rer av markedsf\u00f8ringstjenester (f.eks. Meta\/Facebook, Google)<\/li>\n\n\n\n<li>Tilhengere av kundeserviceprosessen<\/li>\n\n\n\n<li>Regnskapskontorer, advokatfirmaer (hvis aktuelt)<\/li>\n<\/ul>\n\n<p>Den behandlingsansvarlige overf\u00f8rer ikke data utenfor Det europeiske \u00f8konomiske samarbeidsomr\u00e5det (E\u00d8S), med unntak av der tjenesteleverand\u00f8rer (f.eks. Meta Platforms) bruker egnede sikkerhetstiltak (f.eks. standard kontraktsklausuler).<\/p>\n\n<hr class=\"wp-block-separator has-alpha-channel-opacity\"\/>\n\n<h3 class=\"wp-block-heading\">6 Lagringstid for data<\/h3>\n\n<p>Personopplysninger vil bli lagret i:<\/p>\n\n<ul class=\"wp-block-list\">\n<li>Den perioden som er n\u00f8dvendig for \u00e5 oppfylle form\u00e5let de ble samlet inn for<\/li>\n\n\n\n<li>Inntil tilbaketrekking av samtykke (hvis behandlingen er basert p\u00e5 samtykke)<\/li>\n\n\n\n<li>Lovp\u00e5lagt periode (f.eks. skattelovgivning)<\/li>\n<\/ul>\n\n<hr class=\"wp-block-separator has-alpha-channel-opacity\"\/>\n\n<h3 class=\"wp-block-heading\">7 Den registrertes rettigheter<\/h3>\n\n<p>Alle registrerte har rett til \u00e5:<\/p>\n\n<ul class=\"wp-block-list\">\n<li>Tilgang til dataene dine<\/li>\n\n\n\n<li>Korreksjoner av data<\/li>\n\n\n\n<li>Sletting av opplysninger (&laquo;retten til \u00e5 bli glemt&raquo;)<\/li>\n\n\n\n<li>Begrensninger i behandlingen<\/li>\n\n\n\n<li>Dataoverf\u00f8ring<\/li>\n\n\n\n<li>Innsigelse mot databehandling<\/li>\n\n\n\n<li>Trekke tilbake samtykke n\u00e5r som helst (hvis behandlingen er basert p\u00e5 samtykke)<\/li>\n<\/ul>\n\n<p>For \u00e5 ut\u00f8ve dine rettigheter, vennligst kontakt: <a>biuro@homeinspain.pl<\/a> eller <a href=\"mailto:nieruchomoscinacostablanca@gmail.com\">nieruchomoscinacostablanca@gmail.com<\/a><\/p>\n\n<p>Den registrerte har ogs\u00e5 rett til \u00e5 klage til tilsynsmyndigheten.<\/p>\n\n<hr class=\"wp-block-separator has-alpha-channel-opacity\"\/>\n\n<h3 class=\"wp-block-heading\">8 Kaker<\/h3>\n\n<p>Nettstedet <a>www.homeinspain.pl<\/a> bruker informasjonskapsler til f\u00f8lgende form\u00e5l:<\/p>\n\n<ul class=\"wp-block-list\">\n<li>Teknisk (sikrer korrekt drift av nettstedet)<\/li>\n\n\n\n<li>Analyseverkt\u00f8y (f.eks. Google Analytics)<\/li>\n\n\n\n<li>Markedsf\u00f8ring (f.eks. Facebook Pixel)<\/li>\n<\/ul>\n\n<p>Brukeren har mulighet til \u00e5 administrere informasjonskapsler i innstillingene til nettleseren sin.<\/p>\n\n<hr class=\"wp-block-separator has-alpha-channel-opacity\"\/>\n\n<h3 class=\"wp-block-heading\">9 Sosiale medier<\/h3>\n\n<p>Administratoren vedlikeholder profiler i sosiale medier:<\/p>\n\n<ul class=\"wp-block-list\">\n<li>Facebook: <a href=\"https:\/\/www.facebook.com\/nieruchomoscinacostablanca\">facebook.com\/real estateacostablanca<\/a><\/li>\n\n\n\n<li>Instagram: <a href=\"https:\/\/www.instagram.com\/homeinspain.pl\">instagram.com\/homeinspain.co.uk<\/a><\/li>\n<\/ul>\n\n<p>Opplysninger som behandles p\u00e5 sosiale medier, er ogs\u00e5 underlagt personvernerkl\u00e6ringene til disse plattformene.<\/p>\n\n<hr class=\"wp-block-separator has-alpha-channel-opacity\"\/>\n\n<h3 class=\"wp-block-heading\">10. Endringer i personvernerkl\u00e6ringen<\/h3>\n\n<p>Administrator forbeholder seg retten til \u00e5 gj\u00f8re endringer i denne personvernerkl\u00e6ringen. Den gjeldende versjonen vil alltid v\u00e6re tilgjengelig p\u00e5 nettstedet: <a href=\"https:\/\/homeinspain.pl\/no\/retningslinjer-for-personvern\/\">https:\/\/homeinspain.pl\/polityka-prywatnosci.<\/a> <\/p>\n\n<hr class=\"wp-block-separator has-alpha-channel-opacity\"\/>\n\n<p>\ud83d\udcc5 <strong>Dato for siste oppdatering:<\/strong> 24. september 2025<\/p>\n\n<figure class=\"wp-block-image\"><img decoding=\"async\" width=\"80\" height=\"80\" src=\"https:\/\/homeinspain.pl\/wp-content\/uploads\/2025\/09\/ADKq_NbESe48tpNB_xO-0yvVaKZAgestJxAGPRRgsgYG1D_IISX-8LfYQmZh7kYwP-ZJYHl3-NerVtHVhMKtXxQHypPyj-ikO-GC2fKg47sQj-UgOfos0-d-e1-ft.png\" alt=\"\" class=\"wp-image-21019\"\/><\/figure>\n\n<p><a href=\"https:\/\/www.gruposmz.es\/eipd\/empresa\/entrada\/sello.aspx?idE=NjI5NzEy&amp;idC=MjMwMDk=\" target=\"_blank\" rel=\"noreferrer noopener\">DERECHOS ARSOPOL<\/a><\/p>\n\n<p>En cumplimiento del Reglamento (UE) 2016 \/679 y de la Ley Org\u00e1nica de Protecci\u00f3n de Datos de Car\u00e1cter Personal, le informamos de que la identidad del responsable que trata sus datos personales es: WESOLOWSKA, WIKTORIA , con CIF\/NIF Y9985137T, Direcci\u00f3n Ciudad Quesada Calle Pico del Paredon 7, Poblaci\u00f3n ROJALES, C\u00f3digo Postal 03170, Provincia ALICANTE y Correo electr\u00f3nico <a href=\"mailto:nieruchomoscinacostablanca@gmail.com\" target=\"_blank\" rel=\"noreferrer noopener\">nieruchomoscinacostablanca@gmail.com.<\/a><\/p>\n\n<p>De personlige opplysningene vi behandler i v\u00e5r organisasjon er de som er n\u00f8dvendige for \u00e5 kunne kontakte deg via elektronisk post, med det form\u00e5l \u00e5 sende deg informasjon, inkludert, i ditt tilfelle, kommersiell og\/eller offentlig informasjon. Vi informerer om at alle disse opplysningene er beskyttet med de n\u00f8dvendige sikkerhetstiltakene og at de vil bli oppbevart eksklusivt til avslutningen av den kommersielle eller arbeidsmessige relasjonen. <\/p>\n\n<p>Denne behandlingen er basert p\u00e5 v\u00e5r lovlige interesse i \u00e5 kommunisere med deg, for \u00e5 oppfylle og\/eller opprettholde forretnings- og arbeidsrelasjoner. Vi informerer om at vi ikke sammenligner dine personlige opplysninger som du har gitt oss.   <\/p>\n\n<p>Husk at du har en rekke rettigheter i forbindelse med bruken av dine personopplysninger. Vi garanterer at du kan ut\u00f8ve dine rettigheter til tilgang, korrigering, overpr\u00f8ving, innsigelse, begrensning, overf\u00f8ring og innsigelse mot beslutninger. A fin de que sus datos sean un fiel reflejo de la realidad, no dude en hacer uso de su derecho de rectificaci\u00f3n en el caso de que estos sufran alguna modificaci\u00f3n, cambio o anulaci\u00f3n. Du kan benytte deg av alle disse rettighetene ved \u00e5 sende en e-post til den angitte adressen. Du har ogs\u00e5 rett til \u00e5 klage til Agencia Protecci\u00f3n de Datos og g\u00e5 til Tribunales de Justicia.      <\/p>\n\n<p>Por \u00faltimo, le recordamos que el contenido \u00edntegro del presente correo se dirige exclusivamente a su destinatario y es estrictamente confidencial. Si usted lo hubiera recibido por error, queda obligado a guardar secreto y a destruirlo de inmediato, poni\u00e9ndose en contacto con el remitente a la mayor brevedad posible a fin de comunicarle la incidencia. Gracias.  <\/p>\n","protected":false},"excerpt":{"rendered":"<p>Retningslinjer for personvern 1. Generell informasjon Denne personvernerkl\u00e6ringen fastsetter reglene for behandling av personopplysninger av Home in Spain, registrert p\u00e5 Wiktoria Wesolowska, med registrert kontor p\u00e5 7 Pico Del Paredon Street, 03170 Rojales, Spania, heretter kalt &laquo;Administrator&raquo;. Kontakt med administratoren er mulig gjennom: Administratoren gj\u00f8r sitt ytterste for \u00e5 beskytte brukernes personvern og for \u00e5 [&hellip;]<\/p>\n","protected":false},"author":3,"featured_media":0,"parent":0,"menu_order":0,"comment_status":"closed","ping_status":"closed","template":"","meta":{"_acf_changed":false,"footnotes":""},"class_list":["post-24445","page","type-page","status-publish","hentry"],"acf":[],"yoast_head":"<!-- This site is optimized with the Yoast SEO plugin v26.8 - https:\/\/yoast.com\/product\/yoast-seo-wordpress\/ -->\n<title>Retningslinjer for personvern | Home in Spain<\/title>\n<meta name=\"description\" content=\"Vennligst les v\u00e5r personvernerkl\u00e6ring. Hvordan og til hvilket form\u00e5l vi lagrer personopplysningene dine.\" \/>\n<meta name=\"robots\" content=\"index, follow, max-snippet:-1, max-image-preview:large, max-video-preview:-1\" \/>\n<link rel=\"canonical\" href=\"https:\/\/homeinspain.pl\/no\/retningslinjer-for-personvern\/\" \/>\n<meta property=\"og:locale\" content=\"nb_NO\" \/>\n<meta property=\"og:type\" content=\"article\" \/>\n<meta property=\"og:title\" content=\"Retningslinjer for personvern | Home in Spain\" \/>\n<meta property=\"og:description\" content=\"Vennligst les v\u00e5r personvernerkl\u00e6ring. Hvordan og til hvilket form\u00e5l vi lagrer personopplysningene dine.\" \/>\n<meta property=\"og:url\" content=\"https:\/\/homeinspain.pl\/no\/retningslinjer-for-personvern\/\" \/>\n<meta property=\"og:site_name\" content=\"Home in Spain - Nieruchomo\u015bci Costa Blanca | Domy i Apartamenty na Sprzeda\u017c\" \/>\n<meta property=\"article:publisher\" content=\"https:\/\/facebook.com\/nieruchomoscinacostablanca\" \/>\n<meta property=\"article:modified_time\" content=\"2026-02-16T17:26:16+00:00\" \/>\n<meta property=\"og:image\" content=\"https:\/\/homeinspain.pl\/wp-content\/uploads\/2025\/09\/ADKq_NbESe48tpNB_xO-0yvVaKZAgestJxAGPRRgsgYG1D_IISX-8LfYQmZh7kYwP-ZJYHl3-NerVtHVhMKtXxQHypPyj-ikO-GC2fKg47sQj-UgOfos0-d-e1-ft.png\" \/>\n\t<meta property=\"og:image:width\" content=\"80\" \/>\n\t<meta property=\"og:image:height\" content=\"80\" \/>\n\t<meta property=\"og:image:type\" content=\"image\/png\" \/>\n<meta name=\"twitter:card\" content=\"summary_large_image\" \/>\n<meta name=\"twitter:label1\" content=\"Ansl. lesetid\" \/>\n\t<meta name=\"twitter:data1\" content=\"4 minutter\" \/>\n<script type=\"application\/ld+json\" class=\"yoast-schema-graph\">{\"@context\":\"https:\/\/schema.org\",\"@graph\":[{\"@type\":\"WebPage\",\"@id\":\"https:\/\/homeinspain.pl\/no\/retningslinjer-for-personvern\/\",\"url\":\"https:\/\/homeinspain.pl\/no\/retningslinjer-for-personvern\/\",\"name\":\"Retningslinjer for personvern | Home in Spain\",\"isPartOf\":{\"@id\":\"https:\/\/homeinspain.pl\/#website\"},\"primaryImageOfPage\":{\"@id\":\"https:\/\/homeinspain.pl\/no\/retningslinjer-for-personvern\/#primaryimage\"},\"image\":{\"@id\":\"https:\/\/homeinspain.pl\/no\/retningslinjer-for-personvern\/#primaryimage\"},\"thumbnailUrl\":\"https:\/\/homeinspain.pl\/wp-content\/uploads\/2025\/09\/ADKq_NbESe48tpNB_xO-0yvVaKZAgestJxAGPRRgsgYG1D_IISX-8LfYQmZh7kYwP-ZJYHl3-NerVtHVhMKtXxQHypPyj-ikO-GC2fKg47sQj-UgOfos0-d-e1-ft.png\",\"datePublished\":\"2025-09-24T12:20:53+00:00\",\"dateModified\":\"2026-02-16T17:26:16+00:00\",\"description\":\"Vennligst les v\u00e5r personvernerkl\u00e6ring. Hvordan og til hvilket form\u00e5l vi lagrer personopplysningene dine.\",\"breadcrumb\":{\"@id\":\"https:\/\/homeinspain.pl\/no\/retningslinjer-for-personvern\/#breadcrumb\"},\"inLanguage\":\"nb-NO\",\"potentialAction\":[{\"@type\":\"ReadAction\",\"target\":[\"https:\/\/homeinspain.pl\/no\/retningslinjer-for-personvern\/\"]}]},{\"@type\":\"ImageObject\",\"inLanguage\":\"nb-NO\",\"@id\":\"https:\/\/homeinspain.pl\/no\/retningslinjer-for-personvern\/#primaryimage\",\"url\":\"https:\/\/homeinspain.pl\/wp-content\/uploads\/2025\/09\/ADKq_NbESe48tpNB_xO-0yvVaKZAgestJxAGPRRgsgYG1D_IISX-8LfYQmZh7kYwP-ZJYHl3-NerVtHVhMKtXxQHypPyj-ikO-GC2fKg47sQj-UgOfos0-d-e1-ft.png\",\"contentUrl\":\"https:\/\/homeinspain.pl\/wp-content\/uploads\/2025\/09\/ADKq_NbESe48tpNB_xO-0yvVaKZAgestJxAGPRRgsgYG1D_IISX-8LfYQmZh7kYwP-ZJYHl3-NerVtHVhMKtXxQHypPyj-ikO-GC2fKg47sQj-UgOfos0-d-e1-ft.png\"},{\"@type\":\"BreadcrumbList\",\"@id\":\"https:\/\/homeinspain.pl\/no\/retningslinjer-for-personvern\/#breadcrumb\",\"itemListElement\":[{\"@type\":\"ListItem\",\"position\":1,\"name\":\"Strona g\u0142\u00f3wna\",\"item\":\"https:\/\/homeinspain.pl\/no\/hjemmeside\/\"},{\"@type\":\"ListItem\",\"position\":2,\"name\":\"Retningslinjer for personvern\"}]},{\"@type\":\"WebSite\",\"@id\":\"https:\/\/homeinspain.pl\/#website\",\"url\":\"https:\/\/homeinspain.pl\/\",\"name\":\"Home in Spain - Nieruchomo\u015bci Costa Blanca | Domy i Apartamenty na Sprzeda\u017c.\",\"description\":\"Domy i apartamenty na Costa Blanca. Home in Spain - Tw\u00f3j partner w zakupie nieruchomo\u015bci w Hiszpanii.\",\"publisher\":{\"@id\":\"https:\/\/homeinspain.pl\/#organization\"},\"potentialAction\":[{\"@type\":\"SearchAction\",\"target\":{\"@type\":\"EntryPoint\",\"urlTemplate\":\"https:\/\/homeinspain.pl\/?s={search_term_string}\"},\"query-input\":{\"@type\":\"PropertyValueSpecification\",\"valueRequired\":true,\"valueName\":\"search_term_string\"}}],\"inLanguage\":\"nb-NO\"}]}<\/script>\n<!-- \/ Yoast SEO plugin. -->","yoast_head_json":{"title":"Retningslinjer for personvern | Home in Spain","description":"Vennligst les v\u00e5r personvernerkl\u00e6ring. Hvordan og til hvilket form\u00e5l vi lagrer personopplysningene dine.","robots":{"index":"index","follow":"follow","max-snippet":"max-snippet:-1","max-image-preview":"max-image-preview:large","max-video-preview":"max-video-preview:-1"},"canonical":"https:\/\/homeinspain.pl\/no\/retningslinjer-for-personvern\/","og_locale":"nb_NO","og_type":"article","og_title":"Retningslinjer for personvern | Home in Spain","og_description":"Vennligst les v\u00e5r personvernerkl\u00e6ring. Hvordan og til hvilket form\u00e5l vi lagrer personopplysningene dine.","og_url":"https:\/\/homeinspain.pl\/no\/retningslinjer-for-personvern\/","og_site_name":"Home in Spain - Nieruchomo\u015bci Costa Blanca | Domy i Apartamenty na Sprzeda\u017c","article_publisher":"https:\/\/facebook.com\/nieruchomoscinacostablanca","article_modified_time":"2026-02-16T17:26:16+00:00","og_image":[{"width":80,"height":80,"url":"https:\/\/homeinspain.pl\/wp-content\/uploads\/2025\/09\/ADKq_NbESe48tpNB_xO-0yvVaKZAgestJxAGPRRgsgYG1D_IISX-8LfYQmZh7kYwP-ZJYHl3-NerVtHVhMKtXxQHypPyj-ikO-GC2fKg47sQj-UgOfos0-d-e1-ft.png","type":"image\/png"}],"twitter_card":"summary_large_image","twitter_misc":{"Ansl. lesetid":"4 minutter"},"schema":{"@context":"https:\/\/schema.org","@graph":[{"@type":"WebPage","@id":"https:\/\/homeinspain.pl\/no\/retningslinjer-for-personvern\/","url":"https:\/\/homeinspain.pl\/no\/retningslinjer-for-personvern\/","name":"Retningslinjer for personvern | Home in Spain","isPartOf":{"@id":"https:\/\/homeinspain.pl\/#website"},"primaryImageOfPage":{"@id":"https:\/\/homeinspain.pl\/no\/retningslinjer-for-personvern\/#primaryimage"},"image":{"@id":"https:\/\/homeinspain.pl\/no\/retningslinjer-for-personvern\/#primaryimage"},"thumbnailUrl":"https:\/\/homeinspain.pl\/wp-content\/uploads\/2025\/09\/ADKq_NbESe48tpNB_xO-0yvVaKZAgestJxAGPRRgsgYG1D_IISX-8LfYQmZh7kYwP-ZJYHl3-NerVtHVhMKtXxQHypPyj-ikO-GC2fKg47sQj-UgOfos0-d-e1-ft.png","datePublished":"2025-09-24T12:20:53+00:00","dateModified":"2026-02-16T17:26:16+00:00","description":"Vennligst les v\u00e5r personvernerkl\u00e6ring. Hvordan og til hvilket form\u00e5l vi lagrer personopplysningene dine.","breadcrumb":{"@id":"https:\/\/homeinspain.pl\/no\/retningslinjer-for-personvern\/#breadcrumb"},"inLanguage":"nb-NO","potentialAction":[{"@type":"ReadAction","target":["https:\/\/homeinspain.pl\/no\/retningslinjer-for-personvern\/"]}]},{"@type":"ImageObject","inLanguage":"nb-NO","@id":"https:\/\/homeinspain.pl\/no\/retningslinjer-for-personvern\/#primaryimage","url":"https:\/\/homeinspain.pl\/wp-content\/uploads\/2025\/09\/ADKq_NbESe48tpNB_xO-0yvVaKZAgestJxAGPRRgsgYG1D_IISX-8LfYQmZh7kYwP-ZJYHl3-NerVtHVhMKtXxQHypPyj-ikO-GC2fKg47sQj-UgOfos0-d-e1-ft.png","contentUrl":"https:\/\/homeinspain.pl\/wp-content\/uploads\/2025\/09\/ADKq_NbESe48tpNB_xO-0yvVaKZAgestJxAGPRRgsgYG1D_IISX-8LfYQmZh7kYwP-ZJYHl3-NerVtHVhMKtXxQHypPyj-ikO-GC2fKg47sQj-UgOfos0-d-e1-ft.png"},{"@type":"BreadcrumbList","@id":"https:\/\/homeinspain.pl\/no\/retningslinjer-for-personvern\/#breadcrumb","itemListElement":[{"@type":"ListItem","position":1,"name":"Strona g\u0142\u00f3wna","item":"https:\/\/homeinspain.pl\/no\/hjemmeside\/"},{"@type":"ListItem","position":2,"name":"Retningslinjer for personvern"}]},{"@type":"WebSite","@id":"https:\/\/homeinspain.pl\/#website","url":"https:\/\/homeinspain.pl\/","name":"Home in Spain - Nieruchomo\u015bci Costa Blanca | Domy i Apartamenty na Sprzeda\u017c.","description":"Domy i apartamenty na Costa Blanca. Home in Spain - Tw\u00f3j partner w zakupie nieruchomo\u015bci w Hiszpanii.","publisher":{"@id":"https:\/\/homeinspain.pl\/#organization"},"potentialAction":[{"@type":"SearchAction","target":{"@type":"EntryPoint","urlTemplate":"https:\/\/homeinspain.pl\/?s={search_term_string}"},"query-input":{"@type":"PropertyValueSpecification","valueRequired":true,"valueName":"search_term_string"}}],"inLanguage":"nb-NO"}]}},"_links":{"self":[{"href":"https:\/\/homeinspain.pl\/no\/wp-json\/wp\/v2\/pages\/24445","targetHints":{"allow":["GET"]}}],"collection":[{"href":"https:\/\/homeinspain.pl\/no\/wp-json\/wp\/v2\/pages"}],"about":[{"href":"https:\/\/homeinspain.pl\/no\/wp-json\/wp\/v2\/types\/page"}],"author":[{"embeddable":true,"href":"https:\/\/homeinspain.pl\/no\/wp-json\/wp\/v2\/users\/3"}],"replies":[{"embeddable":true,"href":"https:\/\/homeinspain.pl\/no\/wp-json\/wp\/v2\/comments?post=24445"}],"version-history":[{"count":1,"href":"https:\/\/homeinspain.pl\/no\/wp-json\/wp\/v2\/pages\/24445\/revisions"}],"predecessor-version":[{"id":24449,"href":"https:\/\/homeinspain.pl\/no\/wp-json\/wp\/v2\/pages\/24445\/revisions\/24449"}],"wp:attachment":[{"href":"https:\/\/homeinspain.pl\/no\/wp-json\/wp\/v2\/media?parent=24445"}],"curies":[{"name":"wp","href":"https:\/\/api.w.org\/{rel}","templated":true}]}}